{"id":6,"date":"2020-10-21T17:38:27","date_gmt":"2020-10-21T15:38:27","guid":{"rendered":"http:\/\/lions-pontoise.fr\/?page_id=6"},"modified":"2025-11-16T14:59:46","modified_gmt":"2025-11-16T13:59:46","slug":"lions-club-de-pontoise","status":"publish","type":"page","link":"https:\/\/lions-pontoise.fr\/","title":{"rendered":"Lions Club de Pontoise"},"content":{"rendered":"\n<figure class=\"wp-block-gallery aligncenter has-nested-images columns-default wp-block-gallery-1 is-layout-flex wp-block-gallery-is-layout-flex\">\n<figure class=\"wp-block-image size-medium\"><img loading=\"lazy\" decoding=\"async\" width=\"216\" height=\"204\" data-id=\"49\" src=\"https:\/\/lions-pontoise.fr\/wp-content\/uploads\/2020\/10\/lionlogo_2c-1.gif\" alt=\"\" class=\"wp-image-49\"\/><\/figure>\n\n\n\n<figure class=\"wp-block-image size-medium\"><img loading=\"lazy\" decoding=\"async\" width=\"204\" height=\"300\" data-id=\"52\" src=\"https:\/\/lions-pontoise.fr\/wp-content\/uploads\/2020\/10\/Fanion-Lions-Pontoise-1024-2-204x300.jpg\" alt=\"\" class=\"wp-image-52\" srcset=\"https:\/\/lions-pontoise.fr\/wp-content\/uploads\/2020\/10\/Fanion-Lions-Pontoise-1024-2-204x300.jpg 204w, https:\/\/lions-pontoise.fr\/wp-content\/uploads\/2020\/10\/Fanion-Lions-Pontoise-1024-2.jpg 522w\" sizes=\"auto, (max-width: 204px) 100vw, 204px\" \/><\/figure>\n<\/figure>\n\n\n\n<figure class=\"wp-block-image size-large\"><img loading=\"lazy\" decoding=\"async\" width=\"727\" height=\"1024\" src=\"https:\/\/lions-pontoise.fr\/wp-content\/uploads\/2025\/11\/FLYER_LIONS-CLUB_TELETHON-V8_VERSO_Page_1-727x1024.jpeg\" alt=\"\" class=\"wp-image-124\" srcset=\"https:\/\/lions-pontoise.fr\/wp-content\/uploads\/2025\/11\/FLYER_LIONS-CLUB_TELETHON-V8_VERSO_Page_1-727x1024.jpeg 727w, https:\/\/lions-pontoise.fr\/wp-content\/uploads\/2025\/11\/FLYER_LIONS-CLUB_TELETHON-V8_VERSO_Page_1-213x300.jpeg 213w, https:\/\/lions-pontoise.fr\/wp-content\/uploads\/2025\/11\/FLYER_LIONS-CLUB_TELETHON-V8_VERSO_Page_1-768x1081.jpeg 768w, https:\/\/lions-pontoise.fr\/wp-content\/uploads\/2025\/11\/FLYER_LIONS-CLUB_TELETHON-V8_VERSO_Page_1-1091x1536.jpeg 1091w, https:\/\/lions-pontoise.fr\/wp-content\/uploads\/2025\/11\/FLYER_LIONS-CLUB_TELETHON-V8_VERSO_Page_1.jpeg 1197w\" sizes=\"auto, (max-width: 727px) 100vw, 727px\" \/><\/figure>\n\n\n\n<figure class=\"wp-block-image size-full\"><img loading=\"lazy\" decoding=\"async\" width=\"535\" height=\"547\" src=\"https:\/\/lions-pontoise.fr\/wp-content\/uploads\/2023\/02\/comedie-musicale..jpg\" alt=\"\" class=\"wp-image-111\" srcset=\"https:\/\/lions-pontoise.fr\/wp-content\/uploads\/2023\/02\/comedie-musicale..jpg 535w, https:\/\/lions-pontoise.fr\/wp-content\/uploads\/2023\/02\/comedie-musicale.-293x300.jpg 293w\" sizes=\"auto, (max-width: 535px) 100vw, 535px\" \/><figcaption class=\"wp-element-caption\">com\u00e9die musicale au D\u00f4me de Pontoise du 12 f\u00e9vrier 2023<\/figcaption><\/figure>\n\n\n\n<figure class=\"wp-block-image size-large\"><img loading=\"lazy\" decoding=\"async\" width=\"724\" height=\"1024\" src=\"https:\/\/lions-pontoise.fr\/wp-content\/uploads\/2023\/02\/affiche-REPAIR-CAFE-15-janvier-2023-pdf-724x1024.jpg\" alt=\"\" class=\"wp-image-102\"\/><\/figure>\n\n\n\n<figure class=\"wp-block-image size-full\"><img loading=\"lazy\" decoding=\"async\" width=\"536\" height=\"692\" src=\"https:\/\/lions-pontoise.fr\/wp-content\/uploads\/2022\/05\/Champollion.jpg\" alt=\"\" class=\"wp-image-82\" srcset=\"https:\/\/lions-pontoise.fr\/wp-content\/uploads\/2022\/05\/Champollion.jpg 536w, https:\/\/lions-pontoise.fr\/wp-content\/uploads\/2022\/05\/Champollion-232x300.jpg 232w\" sizes=\"auto, (max-width: 536px) 100vw, 536px\" \/><\/figure>\n\n\n\n<figure class=\"wp-block-image is-resized\"><img loading=\"lazy\" decoding=\"async\" width=\"842\" height=\"1024\" src=\"https:\/\/lions-pontoise.fr\/wp-content\/uploads\/2022\/01\/Soiree-Concert-Buffet-842x1024.jpg\" alt=\"\" class=\"wp-image-71\" style=\"width:611px;height:742px\" srcset=\"https:\/\/lions-pontoise.fr\/wp-content\/uploads\/2022\/01\/Soiree-Concert-Buffet-842x1024.jpg 842w, https:\/\/lions-pontoise.fr\/wp-content\/uploads\/2022\/01\/Soiree-Concert-Buffet-247x300.jpg 247w, https:\/\/lions-pontoise.fr\/wp-content\/uploads\/2022\/01\/Soiree-Concert-Buffet-768x934.jpg 768w, https:\/\/lions-pontoise.fr\/wp-content\/uploads\/2022\/01\/Soiree-Concert-Buffet-1263x1536.jpg 1263w, https:\/\/lions-pontoise.fr\/wp-content\/uploads\/2022\/01\/Soiree-Concert-Buffet-1683x2048.jpg 1683w, https:\/\/lions-pontoise.fr\/wp-content\/uploads\/2022\/01\/Soiree-Concert-Buffet-1200x1460.jpg 1200w, https:\/\/lions-pontoise.fr\/wp-content\/uploads\/2022\/01\/Soiree-Concert-Buffet-1980x2409.jpg 1980w\" sizes=\"auto, (max-width: 842px) 100vw, 842px\" \/><figcaption class=\"wp-element-caption\"><br><br><\/figcaption><\/figure>\n\n\n\n<figure class=\"wp-block-image size-large\"><img loading=\"lazy\" decoding=\"async\" width=\"1024\" height=\"461\" src=\"https:\/\/lions-pontoise.fr\/wp-content\/uploads\/2023\/02\/remise-du-cheque-2022-Hopital-de-Pontoise-1024x461.jpg\" alt=\"\" class=\"wp-image-99\" srcset=\"https:\/\/lions-pontoise.fr\/wp-content\/uploads\/2023\/02\/remise-du-cheque-2022-Hopital-de-Pontoise-1024x461.jpg 1024w, https:\/\/lions-pontoise.fr\/wp-content\/uploads\/2023\/02\/remise-du-cheque-2022-Hopital-de-Pontoise-300x135.jpg 300w, https:\/\/lions-pontoise.fr\/wp-content\/uploads\/2023\/02\/remise-du-cheque-2022-Hopital-de-Pontoise-768x346.jpg 768w, https:\/\/lions-pontoise.fr\/wp-content\/uploads\/2023\/02\/remise-du-cheque-2022-Hopital-de-Pontoise-1536x692.jpg 1536w, https:\/\/lions-pontoise.fr\/wp-content\/uploads\/2023\/02\/remise-du-cheque-2022-Hopital-de-Pontoise-2048x922.jpg 2048w, https:\/\/lions-pontoise.fr\/wp-content\/uploads\/2023\/02\/remise-du-cheque-2022-Hopital-de-Pontoise-1200x540.jpg 1200w, https:\/\/lions-pontoise.fr\/wp-content\/uploads\/2023\/02\/remise-du-cheque-2022-Hopital-de-Pontoise-1980x892.jpg 1980w\" sizes=\"auto, (max-width: 1024px) 100vw, 1024px\" \/><figcaption class=\"wp-element-caption\">10000\u20ac de dons au service H\u00e9mato-Oncologie de l&rsquo;h\u00f4pital de Pontoise gr\u00e2ce aux 160000 fleurs plant\u00e9es et cueillies dans le cadre de notre op\u00e9ration \u00ab\u00a0Tulipes contre le cancer\u00a0\u00bb 2021\/2022<\/figcaption><\/figure>\n\n\n\n<figure class=\"wp-block-image size-large\"><img loading=\"lazy\" decoding=\"async\" width=\"980\" height=\"1024\" src=\"https:\/\/lions-pontoise.fr\/wp-content\/uploads\/2020\/10\/20171125_151343_2-980x1024.jpg\" alt=\"\" class=\"wp-image-33\" srcset=\"https:\/\/lions-pontoise.fr\/wp-content\/uploads\/2020\/10\/20171125_151343_2-980x1024.jpg 980w, https:\/\/lions-pontoise.fr\/wp-content\/uploads\/2020\/10\/20171125_151343_2-287x300.jpg 287w, https:\/\/lions-pontoise.fr\/wp-content\/uploads\/2020\/10\/20171125_151343_2-768x802.jpg 768w, https:\/\/lions-pontoise.fr\/wp-content\/uploads\/2020\/10\/20171125_151343_2-1470x1536.jpg 1470w, https:\/\/lions-pontoise.fr\/wp-content\/uploads\/2020\/10\/20171125_151343_2-1200x1254.jpg 1200w, https:\/\/lions-pontoise.fr\/wp-content\/uploads\/2020\/10\/20171125_151343_2.jpg 1944w\" sizes=\"auto, (max-width: 980px) 100vw, 980px\" \/><figcaption class=\"wp-element-caption\">Banque Alimentaire au Carrefour Market de Puiseux<\/figcaption><\/figure>\n\n\n\n<figure class=\"wp-block-image size-full\"><img loading=\"lazy\" decoding=\"async\" width=\"677\" height=\"507\" src=\"https:\/\/lions-pontoise.fr\/wp-content\/uploads\/2023\/02\/plantation.jpg\" alt=\"\" class=\"wp-image-106\" srcset=\"https:\/\/lions-pontoise.fr\/wp-content\/uploads\/2023\/02\/plantation.jpg 677w, https:\/\/lions-pontoise.fr\/wp-content\/uploads\/2023\/02\/plantation-300x225.jpg 300w\" sizes=\"auto, (max-width: 677px) 100vw, 677px\" \/><figcaption class=\"wp-element-caption\">plantation 15 novembre 2022<\/figcaption><\/figure>\n\n\n\n<figure class=\"wp-block-image size-large\"><img loading=\"lazy\" decoding=\"async\" width=\"1024\" height=\"768\" src=\"https:\/\/lions-pontoise.fr\/wp-content\/uploads\/2020\/10\/20190417_212355-1024x768.jpg\" alt=\"\" class=\"wp-image-28\" srcset=\"https:\/\/lions-pontoise.fr\/wp-content\/uploads\/2020\/10\/20190417_212355-1024x768.jpg 1024w, https:\/\/lions-pontoise.fr\/wp-content\/uploads\/2020\/10\/20190417_212355-300x225.jpg 300w, https:\/\/lions-pontoise.fr\/wp-content\/uploads\/2020\/10\/20190417_212355-768x576.jpg 768w, https:\/\/lions-pontoise.fr\/wp-content\/uploads\/2020\/10\/20190417_212355-1536x1152.jpg 1536w, https:\/\/lions-pontoise.fr\/wp-content\/uploads\/2020\/10\/20190417_212355-2048x1536.jpg 2048w, https:\/\/lions-pontoise.fr\/wp-content\/uploads\/2020\/10\/20190417_212355-1200x900.jpg 1200w, https:\/\/lions-pontoise.fr\/wp-content\/uploads\/2020\/10\/20190417_212355-1980x1485.jpg 1980w\" sizes=\"auto, (max-width: 1024px) 100vw, 1024px\" \/><figcaption class=\"wp-element-caption\">Convivialit\u00e9 et partage lors de nos r\u00e9unions statutaires<\/figcaption><\/figure>\n\n\n\n<figure class=\"wp-block-image size-large is-style-rounded\"><img loading=\"lazy\" decoding=\"async\" width=\"768\" height=\"1024\" src=\"https:\/\/lions-pontoise.fr\/wp-content\/uploads\/2020\/10\/20190310_1131450-768x1024.jpg\" alt=\"\" class=\"wp-image-29\" srcset=\"https:\/\/lions-pontoise.fr\/wp-content\/uploads\/2020\/10\/20190310_1131450-768x1024.jpg 768w, https:\/\/lions-pontoise.fr\/wp-content\/uploads\/2020\/10\/20190310_1131450-225x300.jpg 225w, https:\/\/lions-pontoise.fr\/wp-content\/uploads\/2020\/10\/20190310_1131450-1152x1536.jpg 1152w, https:\/\/lions-pontoise.fr\/wp-content\/uploads\/2020\/10\/20190310_1131450-1536x2048.jpg 1536w, https:\/\/lions-pontoise.fr\/wp-content\/uploads\/2020\/10\/20190310_1131450-1200x1600.jpg 1200w, https:\/\/lions-pontoise.fr\/wp-content\/uploads\/2020\/10\/20190310_1131450-1980x2640.jpg 1980w, https:\/\/lions-pontoise.fr\/wp-content\/uploads\/2020\/10\/20190310_1131450-scaled.jpg 1920w\" sizes=\"auto, (max-width: 768px) 100vw, 768px\" \/><figcaption class=\"wp-element-caption\">En Irlande<\/figcaption><\/figure>\n\n\n\n<figure class=\"wp-block-image size-large is-resized\"><img loading=\"lazy\" decoding=\"async\" width=\"1024\" height=\"683\" src=\"https:\/\/lions-pontoise.fr\/wp-content\/uploads\/2020\/10\/Lions-60e-01-1024x683.jpg\" alt=\"\" class=\"wp-image-31\" style=\"width:610px;height:406px\" srcset=\"https:\/\/lions-pontoise.fr\/wp-content\/uploads\/2020\/10\/Lions-60e-01-1024x683.jpg 1024w, https:\/\/lions-pontoise.fr\/wp-content\/uploads\/2020\/10\/Lions-60e-01-300x200.jpg 300w, https:\/\/lions-pontoise.fr\/wp-content\/uploads\/2020\/10\/Lions-60e-01-768x512.jpg 768w, https:\/\/lions-pontoise.fr\/wp-content\/uploads\/2020\/10\/Lions-60e-01-1536x1024.jpg 1536w, https:\/\/lions-pontoise.fr\/wp-content\/uploads\/2020\/10\/Lions-60e-01-2048x1365.jpg 2048w, https:\/\/lions-pontoise.fr\/wp-content\/uploads\/2020\/10\/Lions-60e-01-1200x800.jpg 1200w, https:\/\/lions-pontoise.fr\/wp-content\/uploads\/2020\/10\/Lions-60e-01-1980x1320.jpg 1980w\" sizes=\"auto, (max-width: 1024px) 100vw, 1024px\" \/><figcaption class=\"wp-element-caption\">R\u00e9union de passation de pouvoir<\/figcaption><\/figure>\n\n\n\n<figure class=\"wp-block-image size-large\"><img loading=\"lazy\" decoding=\"async\" width=\"1024\" height=\"768\" src=\"https:\/\/lions-pontoise.fr\/wp-content\/uploads\/2020\/10\/P9161473-1024x768.jpg\" alt=\"\" class=\"wp-image-35\" srcset=\"https:\/\/lions-pontoise.fr\/wp-content\/uploads\/2020\/10\/P9161473-1024x768.jpg 1024w, https:\/\/lions-pontoise.fr\/wp-content\/uploads\/2020\/10\/P9161473-300x225.jpg 300w, https:\/\/lions-pontoise.fr\/wp-content\/uploads\/2020\/10\/P9161473-768x576.jpg 768w, https:\/\/lions-pontoise.fr\/wp-content\/uploads\/2020\/10\/P9161473-1536x1152.jpg 1536w, https:\/\/lions-pontoise.fr\/wp-content\/uploads\/2020\/10\/P9161473-2048x1536.jpg 2048w, https:\/\/lions-pontoise.fr\/wp-content\/uploads\/2020\/10\/P9161473-1200x900.jpg 1200w, https:\/\/lions-pontoise.fr\/wp-content\/uploads\/2020\/10\/P9161473-1980x1485.jpg 1980w\" sizes=\"auto, (max-width: 1024px) 100vw, 1024px\" \/><figcaption class=\"wp-element-caption\">Soci\u00e9t\u00e9 Nautique de l&rsquo;Oise : Bateau offert par le Lions Club de Pontoise<\/figcaption><\/figure>\n\n\n\n<figure class=\"wp-block-image size-large\"><img loading=\"lazy\" decoding=\"async\" width=\"1024\" height=\"576\" src=\"https:\/\/lions-pontoise.fr\/wp-content\/uploads\/2020\/10\/20170521_150608-1024x576.jpg\" alt=\"\" class=\"wp-image-36\" srcset=\"https:\/\/lions-pontoise.fr\/wp-content\/uploads\/2020\/10\/20170521_150608-1024x576.jpg 1024w, https:\/\/lions-pontoise.fr\/wp-content\/uploads\/2020\/10\/20170521_150608-300x169.jpg 300w, https:\/\/lions-pontoise.fr\/wp-content\/uploads\/2020\/10\/20170521_150608-768x432.jpg 768w, https:\/\/lions-pontoise.fr\/wp-content\/uploads\/2020\/10\/20170521_150608-1536x864.jpg 1536w, https:\/\/lions-pontoise.fr\/wp-content\/uploads\/2020\/10\/20170521_150608-2048x1152.jpg 2048w, https:\/\/lions-pontoise.fr\/wp-content\/uploads\/2020\/10\/20170521_150608-1200x675.jpg 1200w, https:\/\/lions-pontoise.fr\/wp-content\/uploads\/2020\/10\/20170521_150608-1980x1114.jpg 1980w\" sizes=\"auto, (max-width: 1024px) 100vw, 1024px\" \/><figcaption class=\"wp-element-caption\">Tacot \u00e9vasion : au profit de l&rsquo;IME du Val Fleury<\/figcaption><\/figure>\n\n\n\n<figure class=\"wp-block-image size-large\"><img loading=\"lazy\" decoding=\"async\" width=\"1024\" height=\"678\" src=\"https:\/\/lions-pontoise.fr\/wp-content\/uploads\/2020\/10\/Lion-s-1244-02-1024x678.jpg\" alt=\"\" class=\"wp-image-39\" srcset=\"https:\/\/lions-pontoise.fr\/wp-content\/uploads\/2020\/10\/Lion-s-1244-02-1024x678.jpg 1024w, https:\/\/lions-pontoise.fr\/wp-content\/uploads\/2020\/10\/Lion-s-1244-02-300x199.jpg 300w, https:\/\/lions-pontoise.fr\/wp-content\/uploads\/2020\/10\/Lion-s-1244-02-768x509.jpg 768w, https:\/\/lions-pontoise.fr\/wp-content\/uploads\/2020\/10\/Lion-s-1244-02-1536x1017.jpg 1536w, https:\/\/lions-pontoise.fr\/wp-content\/uploads\/2020\/10\/Lion-s-1244-02-2048x1356.jpg 2048w, https:\/\/lions-pontoise.fr\/wp-content\/uploads\/2020\/10\/Lion-s-1244-02-1200x795.jpg 1200w, https:\/\/lions-pontoise.fr\/wp-content\/uploads\/2020\/10\/Lion-s-1244-02-1980x1311.jpg 1980w\" sizes=\"auto, (max-width: 1024px) 100vw, 1024px\" \/><figcaption class=\"wp-element-caption\">R\u00e9ception de Mgr Lalanne, Ev\u00eaque de Pontoise<\/figcaption><\/figure>\n\n\n\n<figure class=\"wp-block-image size-large\"><img loading=\"lazy\" decoding=\"async\" width=\"1024\" height=\"768\" src=\"https:\/\/lions-pontoise.fr\/wp-content\/uploads\/2020\/10\/DSC04790-1024x768.jpg\" alt=\"\" class=\"wp-image-41\" srcset=\"https:\/\/lions-pontoise.fr\/wp-content\/uploads\/2020\/10\/DSC04790-1024x768.jpg 1024w, https:\/\/lions-pontoise.fr\/wp-content\/uploads\/2020\/10\/DSC04790-300x225.jpg 300w, https:\/\/lions-pontoise.fr\/wp-content\/uploads\/2020\/10\/DSC04790-768x576.jpg 768w, https:\/\/lions-pontoise.fr\/wp-content\/uploads\/2020\/10\/DSC04790-1536x1152.jpg 1536w, https:\/\/lions-pontoise.fr\/wp-content\/uploads\/2020\/10\/DSC04790-1200x900.jpg 1200w, https:\/\/lions-pontoise.fr\/wp-content\/uploads\/2020\/10\/DSC04790-1980x1485.jpg 1980w, https:\/\/lions-pontoise.fr\/wp-content\/uploads\/2020\/10\/DSC04790.jpg 2048w\" sizes=\"auto, (max-width: 1024px) 100vw, 1024px\" \/><figcaption class=\"wp-element-caption\">60 ans du Club de Pontoise<\/figcaption><\/figure>\n\n\n\n<figure class=\"wp-block-image size-large\"><img loading=\"lazy\" decoding=\"async\" width=\"1024\" height=\"768\" src=\"https:\/\/lions-pontoise.fr\/wp-content\/uploads\/2020\/10\/DSC04800-1024x768.jpg\" alt=\"\" class=\"wp-image-42\" srcset=\"https:\/\/lions-pontoise.fr\/wp-content\/uploads\/2020\/10\/DSC04800-1024x768.jpg 1024w, https:\/\/lions-pontoise.fr\/wp-content\/uploads\/2020\/10\/DSC04800-300x225.jpg 300w, https:\/\/lions-pontoise.fr\/wp-content\/uploads\/2020\/10\/DSC04800-768x576.jpg 768w, https:\/\/lions-pontoise.fr\/wp-content\/uploads\/2020\/10\/DSC04800-1536x1152.jpg 1536w, https:\/\/lions-pontoise.fr\/wp-content\/uploads\/2020\/10\/DSC04800-1200x900.jpg 1200w, https:\/\/lions-pontoise.fr\/wp-content\/uploads\/2020\/10\/DSC04800-1980x1485.jpg 1980w, https:\/\/lions-pontoise.fr\/wp-content\/uploads\/2020\/10\/DSC04800.jpg 2048w\" sizes=\"auto, (max-width: 1024px) 100vw, 1024px\" \/><figcaption class=\"wp-element-caption\">60 ans du Club de Pontoise<\/figcaption><\/figure>\n\n\n\n<figure class=\"wp-block-image size-large\"><img loading=\"lazy\" decoding=\"async\" width=\"1024\" height=\"768\" src=\"https:\/\/lions-pontoise.fr\/wp-content\/uploads\/2020\/10\/P1010387-1024x768.jpg\" alt=\"\" class=\"wp-image-44\" srcset=\"https:\/\/lions-pontoise.fr\/wp-content\/uploads\/2020\/10\/P1010387-1024x768.jpg 1024w, https:\/\/lions-pontoise.fr\/wp-content\/uploads\/2020\/10\/P1010387-300x225.jpg 300w, https:\/\/lions-pontoise.fr\/wp-content\/uploads\/2020\/10\/P1010387-768x576.jpg 768w, https:\/\/lions-pontoise.fr\/wp-content\/uploads\/2020\/10\/P1010387-1536x1152.jpg 1536w, https:\/\/lions-pontoise.fr\/wp-content\/uploads\/2020\/10\/P1010387-2048x1536.jpg 2048w, https:\/\/lions-pontoise.fr\/wp-content\/uploads\/2020\/10\/P1010387-1200x900.jpg 1200w, https:\/\/lions-pontoise.fr\/wp-content\/uploads\/2020\/10\/P1010387-1980x1485.jpg 1980w\" sizes=\"auto, (max-width: 1024px) 100vw, 1024px\" \/><figcaption class=\"wp-element-caption\">Distribution des annuaires Lions, avant qu&rsquo;ils ne deviennent num\u00e9riques<\/figcaption><\/figure>\n","protected":false},"excerpt":{"rendered":"","protected":false},"author":1,"featured_media":0,"parent":0,"menu_order":0,"comment_status":"closed","ping_status":"closed","template":"","meta":{"footnotes":""},"class_list":["post-6","page","type-page","status-publish","hentry"],"_links":{"self":[{"href":"https:\/\/lions-pontoise.fr\/index.php\/wp-json\/wp\/v2\/pages\/6","targetHints":{"allow":["GET"]}}],"collection":[{"href":"https:\/\/lions-pontoise.fr\/index.php\/wp-json\/wp\/v2\/pages"}],"about":[{"href":"https:\/\/lions-pontoise.fr\/index.php\/wp-json\/wp\/v2\/types\/page"}],"author":[{"embeddable":true,"href":"https:\/\/lions-pontoise.fr\/index.php\/wp-json\/wp\/v2\/users\/1"}],"replies":[{"embeddable":true,"href":"https:\/\/lions-pontoise.fr\/index.php\/wp-json\/wp\/v2\/comments?post=6"}],"version-history":[{"count":24,"href":"https:\/\/lions-pontoise.fr\/index.php\/wp-json\/wp\/v2\/pages\/6\/revisions"}],"predecessor-version":[{"id":125,"href":"https:\/\/lions-pontoise.fr\/index.php\/wp-json\/wp\/v2\/pages\/6\/revisions\/125"}],"wp:attachment":[{"href":"https:\/\/lions-pontoise.fr\/index.php\/wp-json\/wp\/v2\/media?parent=6"}],"curies":[{"name":"wp","href":"https:\/\/api.w.org\/{rel}","templated":true}]}}